{"id":240,"date":"2023-06-21T07:37:47","date_gmt":"2023-06-21T07:37:47","guid":{"rendered":"https:\/\/hopeful-vaughan.109-234-218-236.plesk.page\/?page_id=240"},"modified":"2023-06-21T07:37:47","modified_gmt":"2023-06-21T07:37:47","slug":"impressum","status":"publish","type":"page","link":"https:\/\/zypern.selbstbestimmt-altern.de\/index.php\/impressum\/","title":{"rendered":"Impressum"},"content":{"rendered":"\n<h1 class=\"wp-block-heading\" id=\"jsectionimpressum\">Seitenbetreiber i.S.d. \u00a7 5 TMG<\/h1>\n\n\n\n<p>dorothea lehrmann immobilien &#8211; Inh. Dorothea Lehrmann<br>117er Ehrenhof 5<br>55118 Mainz<br>Deutschland<br>E-Mail:&nbsp;<a href=\"mailto:info@lehrmann-mainz.de\" rel=\"noreferrer noopener\" target=\"_blank\">info@lehrmann-mainz.de<\/a><br>Tel.: +49 6131 23 22 66<br>Fax: +49 6131 23 22 67&nbsp;<\/p>\n\n\n\n<h3 class=\"wp-block-heading\" id=\"jsectioninhaber\">Inhaber<\/h3>\n\n\n\n<p>Dorothea Lehrmann<\/p>\n\n\n\n<h3 class=\"wp-block-heading\" id=\"jsectionumsatzsteueridentifikationsnummergem27aumsatzsteuergesetz\">Umsatzsteuer-Identifikationsnummer gem\u00e4\u00df \u00a7 27 a Umsatzsteuergesetz<\/h3>\n\n\n\n<p>DE 156509987<\/p>\n\n\n\n<h3 class=\"wp-block-heading\" id=\"jsectioninhaltlichverantwortlicher\">Inhaltlich Verantwortlicher<\/h3>\n\n\n\n<p>Dorothea Lehrman<br>(Anschrift wie oben)<\/p>\n\n\n\n<h3 class=\"wp-block-heading\" id=\"jsectionangabenfrdiettigkeitalsimmobilienmakleringem34cabs1gewo\">Angaben f\u00fcr die T\u00e4tigkeit als Immobilienmakler\/in gem\u00e4\u00df \u00a7 34c Abs. 1 GewO<\/h3>\n\n\n\n<h4 class=\"wp-block-heading\" id=\"jsectionberufsbezeichnung\">Berufsbezeichnung<\/h4>\n\n\n\n<p>Immobilienmakler\/in gem\u00e4\u00df \u00a7 34c Abs. 1 GewO (verliehen in Deutschland)<\/p>\n\n\n\n<h4 class=\"wp-block-heading\" id=\"jsectionzustndigeaufsichtsbehrdefrdiettigkeitalsimmobilienmakleringem34cabs1gewo\">Zust\u00e4ndige Aufsichtsbeh\u00f6rde f\u00fcr die T\u00e4tigkeit als Immobilienmakler\/in gem\u00e4\u00df \u00a7 34c Abs. 1 GewO<\/h4>\n\n\n\n<p>Landeshauptstadt Mainz \u2013 Standes-, Rechts- und Ordnungsamt<br>Kaiserstra\u00dfe 3-5<br>55116 Mainz<br>Deutschland<br>E-Mail:&nbsp;<a href=\"mailto:rechts-und-ordnungsamt@stadt.mainz.de\" rel=\"noreferrer noopener\" target=\"_blank\">rechts-und-ordnungsamt@stadt.mainz.de<\/a><br>Tel.: +49 6131 12 2366<br>Fax: +49 6131 12 2286<br>Website:&nbsp;<a href=\"http:\/\/www.mainz.de\/vv\/oe\/standes-rechts-und-ordnungsamt.php\" rel=\"noreferrer noopener\" target=\"_blank\">http:\/\/www.mainz.de\/vv\/oe\/standes-rechts-und-ordnungsamt.php<\/a><\/p>\n\n\n\n<h4 class=\"wp-block-heading\" id=\"jsectionberufsrechtlicheregelungenfrdiettigkeitalsimmobilienmakleringem34cabs1gewo\">Berufsrechtliche Regelungen f\u00fcr die T\u00e4tigkeit als Immobilienmakler\/in gem\u00e4\u00df \u00a7 34c Abs. 1 GewO<\/h4>\n\n\n\n<p>Es gelten die nachstehend benannten berufsrechtlichen Regelungen f\u00fcr die T\u00e4tigkeit als Immobilienmakler\/in gem\u00e4\u00df \u00a7 34c Abs. 1 GewO in der Bundesrepublik Deutschland:<\/p>\n\n\n\n<ul class=\"wp-block-list\">\n<li>Makler- und Bautr\u00e4gerverordnung (MaBV) (<a href=\"https:\/\/www.gesetze-im-internet.de\/gewo_34cdv\/\" rel=\"noreferrer noopener\" target=\"_blank\">https:\/\/www.gesetze-im-internet.de\/gewo_34cdv\/<\/a>)<\/li>\n\n\n\n<li>\u00a7 34c Gewerbeordnung (GewO) (<a href=\"https:\/\/www.gesetze-im-internet.de\/gewo\/__34c.html\" rel=\"noreferrer noopener\" target=\"_blank\">https:\/\/www.gesetze-im-internet.de\/gewo\/__34c.html<\/a>)<\/li>\n<\/ul>\n\n\n\n<h3 class=\"wp-block-heading\" id=\"jsectioninformationenzuronlinestreitbeilegung\">Informationen zur Online-Streitbeilegung<\/h3>\n\n\n\n<p>Die Europ\u00e4ische Kommission stellt eine Plattform zur Online-Streitbeilegung (OS) bereit.<br>Diese Plattform finden Sie unter folgendem Link:&nbsp;<a href=\"https:\/\/ec.europa.eu\/consumers\/odr\/\" rel=\"noreferrer noopener\" target=\"_blank\">https:\/\/ec.europa.eu\/consumers\/odr\/<\/a>.<br>Verbraucher k\u00f6nnen diese Plattform nutzen, um ihre Streitigkeiten aus Online-Vertr\u00e4gen beizulegen.<\/p>\n\n\n\n<h3 class=\"wp-block-heading\" id=\"jsectionhinweisgem36vsbg\">Hinweis gem\u00e4\u00df \u00a7 36 VSBG<\/h3>\n\n\n\n<p>Wir werden nicht an alternativen Streitschlichtungsverfahren im Sinne des \u00a7 36 VSBG teilnehmen. Die Nutzung einer alternativen Schlichtungsstelle stellt keine zwingende Voraussetzung f\u00fcr das Anrufen zust\u00e4ndiger ordentlicher Gerichte dar.<\/p>\n","protected":false},"excerpt":{"rendered":"<p>Seitenbetreiber i.S.d. \u00a7 5 TMG dorothea lehrmann immobilien &#8211; Inh. Dorothea Lehrmann117er Ehrenhof 555118 MainzDeutschlandE-Mail:&nbsp;info@lehrmann-mainz.deTel.: +49 6131 23 22 66Fax: +49 6131 23 22 67&nbsp; Inhaber Dorothea Lehrmann Umsatzsteuer-Identifikationsnummer gem\u00e4\u00df \u00a7 27 a Umsatzsteuergesetz DE 156509987 Inhaltlich Verantwortlicher Dorothea Lehrman(Anschrift wie oben) Angaben f\u00fcr die T\u00e4tigkeit als Immobilienmakler\/in gem\u00e4\u00df \u00a7 34c Abs. 1 GewO Berufsbezeichnung [&hellip;]<\/p>\n","protected":false},"author":1,"featured_media":0,"parent":0,"menu_order":0,"comment_status":"closed","ping_status":"closed","template":"","meta":{"footnotes":""},"class_list":["post-240","page","type-page","status-publish","hentry"],"_links":{"self":[{"href":"https:\/\/zypern.selbstbestimmt-altern.de\/index.php\/wp-json\/wp\/v2\/pages\/240","targetHints":{"allow":["GET"]}}],"collection":[{"href":"https:\/\/zypern.selbstbestimmt-altern.de\/index.php\/wp-json\/wp\/v2\/pages"}],"about":[{"href":"https:\/\/zypern.selbstbestimmt-altern.de\/index.php\/wp-json\/wp\/v2\/types\/page"}],"author":[{"embeddable":true,"href":"https:\/\/zypern.selbstbestimmt-altern.de\/index.php\/wp-json\/wp\/v2\/users\/1"}],"replies":[{"embeddable":true,"href":"https:\/\/zypern.selbstbestimmt-altern.de\/index.php\/wp-json\/wp\/v2\/comments?post=240"}],"version-history":[{"count":1,"href":"https:\/\/zypern.selbstbestimmt-altern.de\/index.php\/wp-json\/wp\/v2\/pages\/240\/revisions"}],"predecessor-version":[{"id":241,"href":"https:\/\/zypern.selbstbestimmt-altern.de\/index.php\/wp-json\/wp\/v2\/pages\/240\/revisions\/241"}],"wp:attachment":[{"href":"https:\/\/zypern.selbstbestimmt-altern.de\/index.php\/wp-json\/wp\/v2\/media?parent=240"}],"curies":[{"name":"wp","href":"https:\/\/api.w.org\/{rel}","templated":true}]}}